{"id":6235,"date":"2024-04-18T17:49:18","date_gmt":"2024-04-18T15:49:18","guid":{"rendered":"https:\/\/cpitalia.it\/azienda\/"},"modified":"2025-06-18T10:08:45","modified_gmt":"2025-06-18T08:08:45","slug":"azienda","status":"publish","type":"page","link":"https:\/\/cpitalia.it\/it\/azienda\/","title":{"rendered":"Azienda"},"content":{"rendered":"<p>[vc_row enable_content_animation=&#8221;yes&#8221; animation_preset=&#8221;Fade In Left&#8221; ca_duration=&#8221;500&#8243; css=&#8221;.vc_custom_1713274950636{margin-top: 40px !important;}&#8221; responsive_css=&#8221;margin_top_medium:150px&#8221;][vc_column width=&#8221;2\/3&#8243;]<style>.ld_simple_heading_69d2a3ae60cb7 h6{color:rgb(255, 255, 255);background:rgb(30, 115, 190);}.ld_simple_heading_69d2a3ae60cb7 h6 {padding-top:5px !important; padding-right:10px !important; padding-bottom:5px !important; padding-left:10px !important;  } <\/style><div  class=\"lqd-simple-heading-wrap ld_simple_heading_69d2a3ae60cb7\">\n<h6 class=\"lqd-simple-heading round\">\n\tAZIENDA<\/h6>\n<\/div><div  class=\"lqd-simple-heading-wrap ld_simple_heading_69d2a3ae61229\">\n<h1 class=\"lqd-simple-heading\">\n\tCosmetic Packaging<\/h1>\n<\/div>[vc_column_text]C.P. ITALIA sta per\u00a0<strong>Cosmetic Packaging (Packaging per la cosmetica),<\/strong>\u00a0due parole che racchiudono ci\u00f2 che sappiamo fare in modo\u00a0<strong>creativo e<\/strong>\u00a0<strong>professionale<\/strong>.[\/vc_column_text][\/vc_column][vc_column width=&#8221;1\/3&#8243;][\/vc_column][\/vc_row][vc_row gap=&#8221;0&#8243; equal_height=&#8221;yes&#8221; css=&#8221;.vc_custom_1713275073551{margin-top: 40px !important;}&#8221; responsive_css=&#8221;margin_top_medium:80px&#8221;][vc_column width=&#8221;2\/3&#8243;]<div id=\"ld_images_group_element_69d2a3ae6138f\" class=\"lqd-imggrp-single ld_images_group_element_69d2a3ae6138f\"   >\n\t\n\t<div class=\"lqd-imggrp-img-container\"  data-reveal=\"true\" data-reveal-options='{\"direction\":\"lr\",\"bgcolor\":\"\",\"delay\":\"\"}'  >\n\t\t\n\t\t\t\t\n\t\t\t\t<figure ><img decoding=\"async\" width=\"1000\" height=\"667\" src=\"https:\/\/cpitalia.it\/wp-content\/uploads\/2024\/03\/SKIN-CARE.jpg\" class=\"attachment-full size-full\" alt=\"\" srcset=\"https:\/\/cpitalia.it\/wp-content\/uploads\/2024\/03\/SKIN-CARE.jpg 1000w, https:\/\/cpitalia.it\/wp-content\/uploads\/2024\/03\/SKIN-CARE-300x200.jpg 300w\" sizes=\"(max-width: 1000px) 100vw, 1000px\" itemprop=\"image\" \/><\/figure>\t\t\t\t\t\t\t\t\n\t<\/div><!-- \/.lqd-imggrp-content -->\n<\/div><!-- \/.lqd-imggrp-single -->[\/vc_column][vc_column column_content_align=&#8221;justify-content-center&#8221; width=&#8221;1\/3&#8243; enable_content_animation=&#8221;yes&#8221; ca_init_scale_x=&#8221;1&#8243; ca_init_scale_y=&#8221;1&#8243; ca_init_opacity=&#8221;1&#8243; ca_an_scale_x=&#8221;1&#8243; ca_an_scale_y=&#8221;1&#8243; ca_an_opacity=&#8221;1&#8243; css=&#8221;.vc_custom_1686313189536{padding-top: 40px !important;padding-right: 40px !important;padding-bottom: 40px !important;padding-left: 40px !important;background-color: #f8f8f8 !important;}&#8221;]<div  class=\"lqd-simple-heading-wrap ld_simple_heading_69d2a3ae644e0\">\n<h4 class=\"lqd-simple-heading\">\n\tCreativi &amp; Professionali<\/h4>\n<\/div>[vc_column_text]La nostra azienda \u00e8 giovane, dinamica e sempre al passo con le\u00a0<strong>innovazioni presenti nel mercato<\/strong>.<\/p>\n<p>Grazie all\u2019esperienza maturata dal 1995 (l\u2019anno di fondazione di C.P.Italia), oggi possiamo affermare di essere una delle realt\u00e0\u00a0<strong>pi\u00f9 interessanti in\u00a0Italia<\/strong>\u00a0nel packaging per la cosmetica.[\/vc_column_text][\/vc_column][\/vc_row][vc_row gap=&#8221;0&#8243; equal_height=&#8221;yes&#8221; css=&#8221;.vc_custom_1686315391758{margin-top: 0px !important;}&#8221;][vc_column column_content_align=&#8221;justify-content-center&#8221; width=&#8221;2\/3&#8243; enable_content_animation=&#8221;yes&#8221; ca_init_scale_x=&#8221;1&#8243; ca_init_scale_y=&#8221;1&#8243; ca_init_opacity=&#8221;1&#8243; ca_an_scale_x=&#8221;1&#8243; ca_an_scale_y=&#8221;1&#8243; ca_an_opacity=&#8221;1&#8243; css=&#8221;.vc_custom_1686315461842{margin-top: 0px !important;margin-bottom: 0px !important;border-left-width: 1px !important;padding-top: 0px !important;padding-bottom: 0px !important;border-left-color: #d6d6d6 !important;border-left-style: solid !important;}&#8221;][vc_row_inner css=&#8221;.vc_custom_1686315535544{padding-top: 40px !important;padding-right: 40px !important;padding-bottom: 40px !important;padding-left: 40px !important;}&#8221;][vc_column_inner]<div  class=\"lqd-simple-heading-wrap ld_simple_heading_69d2a3ae64772\">\n<h4 class=\"lqd-simple-heading\">\n\tTecnologia &amp; estetica<\/h4>\n<\/div>[vc_column_text]Proponiamo una <strong>ricca gamma di prodotti standard<\/strong>, su cui \u00e8 possibile effettuare delle <strong>personalizzazioni Moda<\/strong>.<\/p>\n<p>C.P. Italia lavora da sempre a stretto contatto con i clienti che desiderano <strong>creare nuovi articoli<\/strong>, ricercando le componenti estetiche, tecnologiche e di prodotto pi\u00f9 adatte ai loro progetti.[\/vc_column_text][\/vc_column_inner][\/vc_row_inner][vc_row_inner equal_height=&#8221;yes&#8221; content_placement=&#8221;bottom&#8221; gap=&#8221;0&#8243; css=&#8221;.vc_custom_1686315847483{margin-top: 30px !important;}&#8221;][vc_column_inner width=&#8221;1\/2&#8243; bg_position=&#8221;center center&#8221; css=&#8221;.vc_custom_1713275156600{padding-top: 150px !important;padding-bottom: 150px !important;background-image: url(https:\/\/cpitalia.it\/wp-content\/uploads\/2024\/03\/MAKEUP2.jpg?id=5460) !important;background-position: center !important;background-repeat: no-repeat !important;background-size: cover !important;}&#8221; responsive_css=&#8221;padding_top_medium:30px|padding_bottom_medium:30px&#8221;][\/vc_column_inner][vc_column_inner width=&#8221;1\/2&#8243; css=&#8221;.vc_custom_1686314654043{padding-top: 40px !important;padding-right: 40px !important;padding-bottom: 40px !important;padding-left: 40px !important;background-color: #f8f8f8 !important;}&#8221;]<div  class=\"lqd-simple-heading-wrap ld_simple_heading_69d2a3ae648fa\">\n<h4 class=\"lqd-simple-heading\">\n\tPackaging Design Evolution<\/h4>\n<\/div>[vc_column_text]La costante ricerca di soluzioni creative, curata dalle divisioni <strong>Marketing e PDE (Packaging Design Evolution)<\/strong>, insieme ad una rete di partners qualificati, ci hanno assicurato la piena soddisfazione dei nostri clienti.[\/vc_column_text][\/vc_column_inner][\/vc_row_inner][\/vc_column][vc_column width=&#8221;1\/3&#8243; css=&#8221;.vc_custom_1713275198019{padding-top: 150px !important;padding-bottom: 150px !important;background-image: url(https:\/\/cpitalia.it\/wp-content\/uploads\/2024\/03\/NAIL-POLISH2.jpg?id=5462) !important;background-position: center !important;background-repeat: no-repeat !important;background-size: cover !important;}&#8221;][\/vc_column][\/vc_row][vc_row gap=&#8221;0&#8243; equal_height=&#8221;yes&#8221; css=&#8221;.vc_custom_1686313670588{margin-top: 0px !important;}&#8221;][vc_column column_content_align=&#8221;justify-content-center&#8221; width=&#8221;2\/3&#8243; enable_content_animation=&#8221;yes&#8221; ca_init_scale_x=&#8221;1&#8243; ca_init_scale_y=&#8221;1&#8243; ca_init_opacity=&#8221;1&#8243; ca_an_scale_x=&#8221;1&#8243; ca_an_scale_y=&#8221;1&#8243; ca_an_opacity=&#8221;1&#8243; css=&#8221;.vc_custom_1686314434179{border-left-width: 1px !important;border-left-color: #d6d6d6 !important;border-left-style: solid !important;}&#8221;]<div id=\"ld_images_group_element_69d2a3ae64b77\" class=\"lqd-imggrp-single ld_images_group_element_69d2a3ae64b77\"   >\n\t\n\t<div class=\"lqd-imggrp-img-container\"  data-reveal=\"true\" data-reveal-options='{\"direction\":\"lr\",\"bgcolor\":\"\",\"delay\":\"\"}'  >\n\t\t\n\t\t\t\t\n\t\t\t\t<figure ><img decoding=\"async\" width=\"1000\" height=\"659\" src=\"data:image\/svg+xml;charset=utf-8,%3Csvg xmlns%3D&#039;http%3A%2F%2Fwww.w3.org%2F2000%2Fsvg&#039; viewBox%3D&#039;0 0 1000 659&#039;%2F%3E\" class=\"attachment-full size-full ld-lazyload\" alt=\"\" itemprop=\"image\" data-src=\"https:\/\/cpitalia.it\/wp-content\/uploads\/2024\/03\/diagramma.jpg\" data-srcset=\"https:\/\/cpitalia.it\/wp-content\/uploads\/2024\/03\/diagramma.jpg 1000w, https:\/\/cpitalia.it\/wp-content\/uploads\/2024\/03\/diagramma-300x198.jpg 300w\" data-sizes=\"(max-width: 1000px) 100vw, 1000px\" data-aspect=\"1.5174506828528\" \/><\/figure>\t\t\t\t\t\t\t\t\n\t<\/div><!-- \/.lqd-imggrp-content -->\n<\/div><!-- \/.lqd-imggrp-single -->[\/vc_column][vc_column column_content_align=&#8221;justify-content-center&#8221; width=&#8221;1\/3&#8243; css=&#8221;.vc_custom_1686315134171{padding-top: 40px !important;padding-right: 40px !important;padding-bottom: 40px !important;padding-left: 40px !important;background-color: #1e73be !important;}&#8221;]<style>.ld_simple_heading_69d2a3ae6adf7 h4{color:rgb(255, 255, 255);}<\/style><div  class=\"lqd-simple-heading-wrap ld_simple_heading_69d2a3ae6adf7\">\n<h4 class=\"lqd-simple-heading\">\n\tOrganizzazione consolidata, moderna e flessibile<\/h4>\n<\/div>[vc_column_text]<span style=\"color: #ffffff;\">C.P. Italia ha una struttura organizzativa consolidata, moderna e flessibile per rispondere prontamente alle esigenze provenienti dal mercato nazionale e internazionale.<\/span><br \/>\n<span style=\"color: #ffffff;\">Le nostre sedi operative sono concentrate nel Nord Italia nelle provincie di Milano, Monza e Lecco.<br \/>\n<strong>Siamo certificati ISO9001 e ISO14001<\/strong><\/span>[\/vc_column_text][vc_single_image image=&#8221;6397&#8243; img_size=&#8221;medium&#8221; css=&#8221;.vc_custom_1725354693248{padding-top: 10px !important;padding-right: 10px !important;padding-bottom: 10px !important;padding-left: 10px !important;background-color: #ffffff !important;}&#8221;][\/vc_column][\/vc_row][vc_row gap=&#8221;0&#8243; equal_height=&#8221;yes&#8221; css=&#8221;.vc_custom_1686315391758{margin-top: 0px !important;}&#8221;][vc_column width=&#8221;1\/3&#8243; css=&#8221;.vc_custom_1713275259140{padding-top: 150px !important;padding-bottom: 150px !important;background-image: url(https:\/\/cpitalia.it\/wp-content\/uploads\/2024\/03\/MAKEUP3.jpg?id=5464) !important;background-position: center !important;background-repeat: no-repeat !important;background-size: cover !important;}&#8221;][\/vc_column][vc_column column_content_align=&#8221;justify-content-center&#8221; width=&#8221;2\/3&#8243; enable_content_animation=&#8221;yes&#8221; ca_init_scale_x=&#8221;1&#8243; ca_init_scale_y=&#8221;1&#8243; ca_init_opacity=&#8221;1&#8243; ca_an_scale_x=&#8221;1&#8243; ca_an_scale_y=&#8221;1&#8243; ca_an_opacity=&#8221;1&#8243; css=&#8221;.vc_custom_1686315461842{margin-top: 0px !important;margin-bottom: 0px !important;border-left-width: 1px !important;padding-top: 0px !important;padding-bottom: 0px !important;border-left-color: #d6d6d6 !important;border-left-style: solid !important;}&#8221;][vc_row_inner css=&#8221;.vc_custom_1686315535544{padding-top: 40px !important;padding-right: 40px !important;padding-bottom: 40px !important;padding-left: 40px !important;}&#8221;][vc_column_inner]<div  class=\"lqd-simple-heading-wrap ld_simple_heading_69d2a3ae6afbf\">\n<h4 class=\"lqd-simple-heading\">\n\tQualit\u00e0 garantita<\/h4>\n<\/div>[vc_column_text]Approccio alla qualit\u00e0 dalla creazione dello stampo alla produzione.<br \/>\nDal progetto dell\u2019articolo alla realizzazione dello stampo, da alcuni anni si guarda ad un approccio etico ed ecologico ma che garantisca la qualit\u00e0 dei prodotti cos\u00ec da offrire un iter qualitativo sicuro, verificabile anche con l\u2019impiego di materie prime nuove legate al modo del riciclo e bio.<br \/>\nLe produzioni dei componenti e le susseguenti lavorazioni sono eseguite nel rispetto di norme di controllo ferree e severe per ogni dettaglio, a partire dalla materia prima che deve soddisfare le certificazioni di sicura provenienza per ogni singolo lotto. L\u2019articolo finito \u00e8 sottoposto a differenti test di conformit\u00e0 sin dalla fase progettuale che in particolare sulle prime produzioni con esami specifici effettuati con strumenti specifici di laboratorio quali:<\/p>\n<ul>\n<li>TEST SOTTOVUOTO IN CAMPANA<\/li>\n<li>TEST IN STUFA A 45\u00b0 in particolare per il pack dei prodotti a base solventaria o termofotosensibili<\/li>\n<li>TEST SOLARE in particolare per quei contenitori che devono garantire una resistenza UVA- UVB<\/li>\n<\/ul>\n<p>[\/vc_column_text][\/vc_column_inner][\/vc_row_inner][vc_row_inner equal_height=&#8221;yes&#8221; content_placement=&#8221;bottom&#8221; gap=&#8221;0&#8243; css=&#8221;.vc_custom_1686315847483{margin-top: 30px !important;}&#8221;][vc_column_inner width=&#8221;1\/2&#8243; css=&#8221;.vc_custom_1686314654043{padding-top: 40px !important;padding-right: 40px !important;padding-bottom: 40px !important;padding-left: 40px !important;background-color: #f8f8f8 !important;}&#8221;]<div  class=\"lqd-simple-heading-wrap ld_simple_heading_69d2a3ae6b16b\">\n<h4 class=\"lqd-simple-heading\">\n\tMaterie prime speciali<\/h4>\n<\/div>[vc_column_text]PRODUZIONI SU RICHIESTA CON MATERIE PRIME:<\/p>\n<ul>\n<li>PCR \u2013 POST CONSUMO<\/li>\n<li>PPR \u2013 POST PRODUZIONE<\/li>\n<li>PLASTICHE D\u2019ORIGINE BIO<\/li>\n<li>RICICLO ETICO M.P. DA RECUPERO NEGLI OCEANI . PRODUZIONI MONOMATERIALI ( PE \u2013 PP \u2013 PET )<\/li>\n<\/ul>\n<p>[\/vc_column_text][\/vc_column_inner][vc_column_inner width=&#8221;1\/2&#8243; bg_position=&#8221;center center&#8221; css=&#8221;.vc_custom_1713275309528{padding-top: 150px !important;padding-bottom: 150px !important;background-image: url(https:\/\/cpitalia.it\/wp-content\/uploads\/2024\/03\/SKIN-CARE2.jpg?id=5466) !important;background-position: center !important;background-repeat: no-repeat !important;background-size: cover !important;}&#8221; responsive_css=&#8221;padding_top_medium:30px|padding_bottom_medium:30px&#8221;][\/vc_column_inner][\/vc_row_inner][\/vc_column][\/vc_row][vc_row gap=&#8221;0&#8243; equal_height=&#8221;yes&#8221; css=&#8221;.vc_custom_1686315391758{margin-top: 0px !important;}&#8221;][vc_column column_content_align=&#8221;justify-content-center&#8221; enable_content_animation=&#8221;yes&#8221; ca_init_scale_x=&#8221;1&#8243; ca_init_scale_y=&#8221;1&#8243; ca_init_opacity=&#8221;1&#8243; ca_an_scale_x=&#8221;1&#8243; ca_an_scale_y=&#8221;1&#8243; ca_an_opacity=&#8221;1&#8243; css=&#8221;.vc_custom_1686315461842{margin-top: 0px !important;margin-bottom: 0px !important;border-left-width: 1px !important;padding-top: 0px !important;padding-bottom: 0px !important;border-left-color: #d6d6d6 !important;border-left-style: solid !important;}&#8221;][vc_row_inner css=&#8221;.vc_custom_1686315535544{padding-top: 40px !important;padding-right: 40px !important;padding-bottom: 40px !important;padding-left: 40px !important;}&#8221;][vc_column_inner]<div  class=\"lqd-simple-heading-wrap ld_simple_heading_69d2a3ae6b2bb\">\n<h4 class=\"lqd-simple-heading\">\n\tPolitica per la Qualit\u00e0 e l&#8217;Ambiente<\/h4>\n<\/div>[vc_column_text]<strong>C.P. Italia <\/strong>ha deciso di adottare un Sistema di Gestione Qualit\u00e0 e Ambiente conforme alle Norme ISO 9001 &amp; ISO 14001 per il campo di applicazione <strong>\u201cProduzione e commercializzazione di packaging cosmetico\u201d<\/strong>, determinando con forte impegno, sia dal punto di vista strategico che operativo, l\u2019assoluta adesione ai principi su cui le certificazioni si basano.<\/p>\n<p>Mediante l\u2019ottenimento delle certificazioni <strong>C.P. Italia<\/strong> mira a garantire l\u2019efficace funzionamento dei propri processi ed il rispetto dei requisiti normativi. Obiettivi dell\u2019Organizzazione sono l\u2019ottenimento della piena soddisfazione dei clienti e il conseguimento e mantenimento, mediante l\u2019offerta, di prodotti e servizi che rispettivo elevati standard di qualit\u00e0 e ambiente.<\/p>\n<p>C.P. Italia vanta un approccio alla qualit\u00e0 dalla creazione dello stampo alla produzione. Dal progetto dell\u2019articolo alla realizzazione dello stampo, da alcuni anni si guarda ad un approccio etico ed ecologico, ma che garantisca la qualit\u00e0 dei prodotti, cos\u00ec da offrire un iter qualitativo sicuro, verificabile anche con l\u2019impiego di materie prime nuove legate al modo del riciclo e del bio.<\/p>\n<p>L\u2019Organizzazione, infatti, ritiene che offrire soluzioni di packaging cosmetico di alta qualit\u00e0 che rispettino i rigorosi standard ambientali, sia fondamentale per il successo nell\u2019attivit\u00e0 svolta.<\/p>\n<p>I principi fondamentali su cui si basa <strong>C.P. Italia<\/strong> consistono nel:<\/p>\n<p>&#8211; rispettare le prescrizioni normative applicabili e garantire l\u2019impegno costante alla sostenibilit\u00e0 ambientale dei prodotti e dei servizi offerti;<\/p>\n<p>&#8211; promuovere all\u2019interno dell\u2019Organizzazione, nell\u2019ambito delle rispettive attribuzioni e competenze, un senso di responsabilit\u00e0 verso la tutela dell\u2019ambiente;<\/p>\n<p>&#8211; fornire piena cooperazione nei confronti di clienti e Outsource, assicurando completa trasparenza nell\u2019informazione e nella comunicazione verso l\u2019esterno;<\/p>\n<p>&#8211; fornire ai clienti un prodotto e un servizio di qualit\u00e0 conforme con quanto richiesto e gestito in modo da ottenere i migliori risultati in termini di:<\/p>\n<p>&#8211; disponibilit\u00e0 e capacit\u00e0 di risposta nei tempi richiesti;<\/p>\n<p>&#8211; disponibilit\u00e0 di personale tecnico competente;<\/p>\n<p>&#8211; consulenza tecnica ed informazione al cliente;<\/p>\n<p>&#8211; gestione tempestiva delle non conformit\u00e0;<\/p>\n<p>&#8211; rispetto delle vigenti normative;<\/p>\n<p>&#8211; competitivit\u00e0 dei prezzi;<\/p>\n<p>&#8211; garanzia di costanza e continuit\u00e0.<\/p>\n<p>&#8211; continua ricerca di nuove soluzioni e prodotti;<\/p>\n<p>&nbsp;<\/p>\n<p><strong>C.P. Italia<\/strong> per perseguire tali obiettivi, la Direzione si impegna a:<\/p>\n<p>&#8211; selezionare packaging che rispettino elevati standard di qualit\u00e0, durabilit\u00e0 e funzionalit\u00e0, soddisfacendo le aspettative dei clienti e le norme di settore;<\/p>\n<p>&#8211; collaborare con i propri fornitori, per garantire che ogni prodotto venga sottoposto a controlli di qualit\u00e0;<\/p>\n<p>&#8211; rimanere aggiornati sulle innovazioni del campo del packaging cosmetico per offrire soluzioni innovative e rispondere in modo proattivo alle esigenze del mercato;<\/p>\n<p>&#8211; offrire ai dipendenti formazione continua sulle pratiche di sostenibilit\u00e0 e qualit\u00e0, promuovendo una cultura aziendale consapevole e responsabile;<\/p>\n<p>&#8211; incentivare i dipendenti a partecipare attivamente a iniziative di sostenibilit\u00e0, valorizzando le loro idee e suggerimenti;<\/p>\n<p>&#8211; dare piena attuazione alle leggi, regolamenti ambientali pertinenti e gli altri impegni volontari in ambito di tutela ambientale;<\/p>\n<p>&#8211; mantenere un efficace sistema di gestione integrato ISO 9001 e ISO 14001 che tenga conto dei requisiti delle norme in oggetto;<\/p>\n<p>Lo Staff <strong>C.P. Italia<\/strong> condivide in maniera profonda, completa e partecipata questa filosofia, nella piena convinzione che solo nell\u2019osservanza di questi principi si possa fondare una collaborazione di fiducia, rispetto e reciproca soddisfazione.[\/vc_column_text][\/vc_column_inner][\/vc_row_inner][\/vc_column][\/vc_row][vc_row gap=&#8221;0&#8243; equal_height=&#8221;yes&#8221; css=&#8221;.vc_custom_1686313670588{margin-top: 0px !important;}&#8221;][vc_column column_content_align=&#8221;justify-content-center&#8221; enable_content_animation=&#8221;yes&#8221; ca_init_scale_x=&#8221;1&#8243; ca_init_scale_y=&#8221;1&#8243; ca_init_opacity=&#8221;1&#8243; ca_an_scale_x=&#8221;1&#8243; ca_an_scale_y=&#8221;1&#8243; ca_an_opacity=&#8221;1&#8243; css=&#8221;.vc_custom_1686314434179{border-left-width: 1px !important;border-left-color: #d6d6d6 !important;border-left-style: solid !important;}&#8221;]<div id=\"ld_images_group_element_69d2a3ae6b542\" class=\"lqd-imggrp-single ld_images_group_element_69d2a3ae6b542\"   >\n\t\n\t<div class=\"lqd-imggrp-img-container\"  data-reveal=\"true\" data-reveal-options='{\"direction\":\"lr\",\"bgcolor\":\"\",\"delay\":\"\"}'  >\n\t\t\n\t\t\t\t\n\t\t\t\t<figure ><img decoding=\"async\" width=\"1300\" height=\"867\" src=\"data:image\/svg+xml;charset=utf-8,%3Csvg xmlns%3D&#039;http%3A%2F%2Fwww.w3.org%2F2000%2Fsvg&#039; viewBox%3D&#039;0 0 1300 867&#039;%2F%3E\" class=\"attachment-full size-full ld-lazyload\" alt=\"\" itemprop=\"image\" data-src=\"https:\/\/cpitalia.it\/wp-content\/uploads\/2024\/03\/NAIL-POLISH.jpg\" data-srcset=\"https:\/\/cpitalia.it\/wp-content\/uploads\/2024\/03\/NAIL-POLISH.jpg 1300w, https:\/\/cpitalia.it\/wp-content\/uploads\/2024\/03\/NAIL-POLISH-300x200.jpg 300w, https:\/\/cpitalia.it\/wp-content\/uploads\/2024\/03\/NAIL-POLISH-1024x683.jpg 1024w\" data-sizes=\"(max-width: 1300px) 100vw, 1300px\" data-aspect=\"1.4994232987313\" \/><\/figure>\t\t\t\t\t\t\t\t\n\t<\/div><!-- \/.lqd-imggrp-content -->\n<\/div><!-- \/.lqd-imggrp-single -->[\/vc_column][\/vc_row]<\/p>\n","protected":false},"excerpt":{"rendered":"<p>[vc_row enable_content_animation=&#8221;yes&#8221; animation_preset=&#8221;Fade In Left&#8221; ca_duration=&#8221;500&#8243; css=&#8221;.vc_custom_1713274950636{margin-top: 40px !important;}&#8221; responsive_css=&#8221;margin_top_medium:150px&#8221;][vc_column width=&#8221;2\/3&#8243;][vc_column_text]C.P. ITALIA sta per\u00a0Cosmetic Packaging (Packaging per la cosmetica),\u00a0due parole che racchiudono ci\u00f2 che sappiamo fare in modo\u00a0creativo e\u00a0professionale.[\/vc_column_text][\/vc_column][vc_column width=&#8221;1\/3&#8243;][\/vc_column][\/vc_row][vc_row gap=&#8221;0&#8243; equal_height=&#8221;yes&#8221; css=&#8221;.vc_custom_1713275073551{margin-top: 40px !important;}&#8221; responsive_css=&#8221;margin_top_medium:80px&#8221;][vc_column width=&#8221;2\/3&#8243;][\/vc_column][vc_column column_content_align=&#8221;justify-content-center&#8221; width=&#8221;1\/3&#8243; enable_content_animation=&#8221;yes&#8221; ca_init_scale_x=&#8221;1&#8243; ca_init_scale_y=&#8221;1&#8243; ca_init_opacity=&#8221;1&#8243; ca_an_scale_x=&#8221;1&#8243; ca_an_scale_y=&#8221;1&#8243; ca_an_opacity=&#8221;1&#8243; css=&#8221;.vc_custom_1686313189536{padding-top: 40px !important;padding-right: 40px !important;padding-bottom: 40px !important;padding-left: 40px !important;background-color: [&hellip;]<\/p>\n","protected":false},"author":1,"featured_media":0,"parent":0,"menu_order":0,"comment_status":"closed","ping_status":"closed","template":"","meta":{"footnotes":""},"class_list":["post-6235","page","type-page","status-publish","hentry"],"_links":{"self":[{"href":"https:\/\/cpitalia.it\/it\/wp-json\/wp\/v2\/pages\/6235","targetHints":{"allow":["GET"]}}],"collection":[{"href":"https:\/\/cpitalia.it\/it\/wp-json\/wp\/v2\/pages"}],"about":[{"href":"https:\/\/cpitalia.it\/it\/wp-json\/wp\/v2\/types\/page"}],"author":[{"embeddable":true,"href":"https:\/\/cpitalia.it\/it\/wp-json\/wp\/v2\/users\/1"}],"replies":[{"embeddable":true,"href":"https:\/\/cpitalia.it\/it\/wp-json\/wp\/v2\/comments?post=6235"}],"version-history":[{"count":6,"href":"https:\/\/cpitalia.it\/it\/wp-json\/wp\/v2\/pages\/6235\/revisions"}],"predecessor-version":[{"id":6418,"href":"https:\/\/cpitalia.it\/it\/wp-json\/wp\/v2\/pages\/6235\/revisions\/6418"}],"wp:attachment":[{"href":"https:\/\/cpitalia.it\/it\/wp-json\/wp\/v2\/media?parent=6235"}],"curies":[{"name":"wp","href":"https:\/\/api.w.org\/{rel}","templated":true}]}}